{"id":1758,"date":"2019-11-16T02:15:12","date_gmt":"2019-11-16T00:15:12","guid":{"rendered":"https:\/\/portability-project.eu\/news-events\/"},"modified":"2025-12-23T10:09:53","modified_gmt":"2025-12-23T08:09:53","slug":"news-events","status":"publish","type":"page","link":"https:\/\/portability-project.eu\/de\/news-events\/","title":{"rendered":"News &#038; Events"},"content":{"rendered":"<!--themify_builder_content-->\n<div id=\"themify_builder_content-1758\" data-postid=\"1758\" class=\"themify_builder_content themify_builder_content-1758 themify_builder tf_clear\">\n                    <div  data-lazy=\"1\" class=\"module_row themify_builder_row tb_9zhy482 tb_first tf_w\">\n                        <div class=\"row_inner col_align_top tb_col_count_2 tf_box tf_rel\">\n                        <div  data-lazy=\"1\" class=\"module_column tb-column col3-2 tb_ffnk482 first\">\n                    <!-- module text -->\n<div  class=\"module module-text tb_pr3n482   \" data-lazy=\"1\">\n        <div  class=\"tb_text_wrap\">\n        <h1>News &amp; Veranstaltungen<\/h1>    <\/div>\n<\/div>\n<!-- \/module text -->        <\/div>\n                    <div  data-lazy=\"1\" class=\"module_column tb-column col3-1 tb_y0hs482 last\">\n                            <\/div>\n                        <\/div>\n        <\/div>\n                        <div  data-lazy=\"1\" class=\"module_row themify_builder_row tb_ge1c482 tf_w\">\n                        <div class=\"row_inner col_align_top tb_col_count_1 tf_box tf_rel\">\n                        <div  data-lazy=\"1\" class=\"module_column tb-column tb_ruxn482 first\">\n                    <!-- module post -->\n<div  class=\"module module-post tb_w9rc482 archive-news\">\n    <ul class=\"post-filter tf_textc tf_opacity\" data-id=\"1758\" data-el=\"tb_w9rc482\" data-limit=\"4\" data-ajax=\"1\" data-taxonomy=\"category\" data-post_type=\"post\">\n        \t<li class=\"cat-item cat-item-43\"><a href=\"https:\/\/portability-project.eu\/de\/category\/nicht-kategorisiert\/\">Nicht kategorisiert<\/a>\n<\/li>\n            <\/ul>\n        <div  class=\"builder-posts-wrap loops-wrapper grid2 masonry tf_rel tf_clear tf_clearfix tb_ajax_pagination\" data-id=\"tb_w9rc482\" data-lazy=\"1\">\n    <article id=\"post-1840\" class=\"post tf_clearfix post-1840 type-post status-publish format-standard has-post-thumbnail hentry category-nicht-kategorisiert has-post-title has-post-date has-post-category has-post-tag no-post-comment no-post-author   cat-43 initial-cat\">\n\t    \n\t                <figure class=\"post-image tf_clearfix\">\n                                                            <a href=\"https:\/\/portability-project.eu\/de\/hamburg-a-port-to-guide-and-inspire-us\/\">\n                                        <img loading=\"lazy\" decoding=\"async\" width=\"766\" height=\"433\" src=\"https:\/\/portability-project.eu\/wp-content\/uploads\/2025\/10\/image.png\" class=\"wp-post-image wp-image-1842\" title=\"image\" alt=\"image\" srcset=\"https:\/\/portability-project.eu\/wp-content\/uploads\/2025\/10\/image.png 766w, https:\/\/portability-project.eu\/wp-content\/uploads\/2025\/10\/image-300x170.png 300w\" sizes=\"auto, (max-width: 766px) 100vw, 766px\" \/>                                                                    <\/a>\n                                                                <\/figure>\n                    \t<div class=\"post-content\">\n\t\t<div class=\"post-content-inner\">\n\n\t\t\t\t\t\t\t\t<div class=\"post-date-wrap post-date-inline\">\n\t\t<time class=\"post-date entry-date updated\" datetime=\"2025-09-25\">\n\t\t\t\t\t<span class=\"year\">25\/09\/2025<\/span>\n\t\t\t\t<\/time>\n\t<\/div><!-- .post-date-wrap -->\n\t\t\t\t\n\t\t\t<h2 class=\"post-title entry-title\"><a href=\"https:\/\/portability-project.eu\/de\/hamburg-a-port-to-guide-and-inspire-us\/\">Hamburg: a port to guide and inspire us!<\/a><\/h2>\n\t\t\t\t\t\t\t<p class=\"post-meta entry-meta\">\n\t\t\t\t\t\n\t\t\t\t\t<span class=\"post-category\"><a href=\"https:\/\/portability-project.eu\/de\/category\/nicht-kategorisiert\/\" rel=\"tag\" class=\"term-nicht-kategorisiert\">Nicht kategorisiert<\/a><\/span>\n\t\t\t\t\t\t\t\t\t\t\t\t\t\t\t\t\n\t\t\t\t\t\t\t\t\t<\/p>\n\t\t\t\t<!-- \/post-meta -->\n\t\t\t\n\t\t\t\n\t\t\t        <div class=\"entry-content\">\n\n        \n        <\/div><!-- \/.entry-content -->\n        \n\t\t<\/div>\n\t\t<!-- \/.post-content-inner -->\n\t<\/div>\n\t<!-- \/.post-content -->\n\t\n<\/article>\n<!-- \/.post -->\n<article id=\"post-1838\" class=\"post tf_clearfix post-1838 type-post status-publish format-standard has-post-thumbnail hentry category-nicht-kategorisiert has-post-title has-post-date has-post-category has-post-tag no-post-comment no-post-author   cat-43 initial-cat\">\n\t    \n\t                <figure class=\"post-image tf_clearfix\">\n                                                            <a href=\"https:\/\/portability-project.eu\/de\/portability-is-now-on-social-media\/\">\n                                        <img loading=\"lazy\" decoding=\"async\" width=\"940\" height=\"788\" src=\"https:\/\/portability-project.eu\/wp-content\/uploads\/2025\/09\/News-03-PortAbility-on-SoMe.png\" class=\"wp-post-image wp-image-1839\" title=\"News 03 - PortAbility on SoMe\" alt=\"News 03 - PortAbility on SoMe\" srcset=\"https:\/\/portability-project.eu\/wp-content\/uploads\/2025\/09\/News-03-PortAbility-on-SoMe.png 940w, https:\/\/portability-project.eu\/wp-content\/uploads\/2025\/09\/News-03-PortAbility-on-SoMe-300x251.png 300w, https:\/\/portability-project.eu\/wp-content\/uploads\/2025\/09\/News-03-PortAbility-on-SoMe-768x644.png 768w, https:\/\/portability-project.eu\/wp-content\/uploads\/2025\/09\/News-03-PortAbility-on-SoMe-394x330.png 394w\" sizes=\"auto, (max-width: 940px) 100vw, 940px\" \/>                                                                    <\/a>\n                                                                <\/figure>\n                    \t<div class=\"post-content\">\n\t\t<div class=\"post-content-inner\">\n\n\t\t\t\t\t\t\t\t<div class=\"post-date-wrap post-date-inline\">\n\t\t<time class=\"post-date entry-date updated\" datetime=\"2025-08-20\">\n\t\t\t\t\t<span class=\"year\">20\/08\/2025<\/span>\n\t\t\t\t<\/time>\n\t<\/div><!-- .post-date-wrap -->\n\t\t\t\t\n\t\t\t<h2 class=\"post-title entry-title\"><a href=\"https:\/\/portability-project.eu\/de\/portability-is-now-on-social-media\/\">PortAbility ist jetzt in den sozialen Medien vertreten!<\/a><\/h2>\n\t\t\t\t\t\t\t<p class=\"post-meta entry-meta\">\n\t\t\t\t\t\n\t\t\t\t\t<span class=\"post-category\"><a href=\"https:\/\/portability-project.eu\/de\/category\/nicht-kategorisiert\/\" rel=\"tag\" class=\"term-nicht-kategorisiert\">Nicht kategorisiert<\/a><\/span>\n\t\t\t\t\t\t\t\t\t\t\t\t\t\t\t\t\n\t\t\t\t\t\t\t\t\t<\/p>\n\t\t\t\t<!-- \/post-meta -->\n\t\t\t\n\t\t\t\n\t\t\t        <div class=\"entry-content\">\n\n        \n        <\/div><!-- \/.entry-content -->\n        \n\t\t<\/div>\n\t\t<!-- \/.post-content-inner -->\n\t<\/div>\n\t<!-- \/.post-content -->\n\t\n<\/article>\n<!-- \/.post -->\n<article id=\"post-1844\" class=\"post tf_clearfix post-1844 type-post status-publish format-standard has-post-thumbnail hentry category-nicht-kategorisiert has-post-title has-post-date has-post-category has-post-tag no-post-comment no-post-author   cat-43 initial-cat\">\n\t    \n\t                <figure class=\"post-image tf_clearfix\">\n                                                            <a href=\"https:\/\/portability-project.eu\/de\/the-european-commission-sets-course-for-the-future-of-the-eu-ports-and-maritime-industry\/\">\n                                        <img loading=\"lazy\" decoding=\"async\" width=\"1200\" height=\"674\" src=\"https:\/\/portability-project.eu\/wp-content\/uploads\/2025\/09\/News-02-container-ship-global-business-freight-import-expo-2025-01-07-18-21-41-utc.jpg\" class=\"wp-post-image wp-image-1845\" title=\"News 02 - container-ship-global-business-freight-import-expo-2025-01-07-18-21-41-utc\" alt=\"News 02 - container-ship-global-business-freight-import-expo-2025-01-07-18-21-41-utc\" srcset=\"https:\/\/portability-project.eu\/wp-content\/uploads\/2025\/09\/News-02-container-ship-global-business-freight-import-expo-2025-01-07-18-21-41-utc.jpg 1200w, https:\/\/portability-project.eu\/wp-content\/uploads\/2025\/09\/News-02-container-ship-global-business-freight-import-expo-2025-01-07-18-21-41-utc-300x169.jpg 300w, https:\/\/portability-project.eu\/wp-content\/uploads\/2025\/09\/News-02-container-ship-global-business-freight-import-expo-2025-01-07-18-21-41-utc-1024x575.jpg 1024w, https:\/\/portability-project.eu\/wp-content\/uploads\/2025\/09\/News-02-container-ship-global-business-freight-import-expo-2025-01-07-18-21-41-utc-768x431.jpg 768w\" sizes=\"auto, (max-width: 1200px) 100vw, 1200px\" \/>                                                                    <\/a>\n                                                                <\/figure>\n                    \t<div class=\"post-content\">\n\t\t<div class=\"post-content-inner\">\n\n\t\t\t\t\t\t\t\t<div class=\"post-date-wrap post-date-inline\">\n\t\t<time class=\"post-date entry-date updated\" datetime=\"2025-07-28\">\n\t\t\t\t\t<span class=\"year\">28\/07\/2025<\/span>\n\t\t\t\t<\/time>\n\t<\/div><!-- .post-date-wrap -->\n\t\t\t\t\n\t\t\t<h2 class=\"post-title entry-title\"><a href=\"https:\/\/portability-project.eu\/de\/the-european-commission-sets-course-for-the-future-of-the-eu-ports-and-maritime-industry\/\">Die Europ\u00e4ische Kommission stellt die Weichen f\u00fcr die Zukunft der EU-H\u00e4fen und der maritimen Industrie<\/a><\/h2>\n\t\t\t\t\t\t\t<p class=\"post-meta entry-meta\">\n\t\t\t\t\t\n\t\t\t\t\t<span class=\"post-category\"><a href=\"https:\/\/portability-project.eu\/de\/category\/nicht-kategorisiert\/\" rel=\"tag\" class=\"term-nicht-kategorisiert\">Nicht kategorisiert<\/a><\/span>\n\t\t\t\t\t\t\t\t\t\t\t\t\t\t\t\t\n\t\t\t\t\t\t\t\t\t<\/p>\n\t\t\t\t<!-- \/post-meta -->\n\t\t\t\n\t\t\t\n\t\t\t        <div class=\"entry-content\">\n\n        \n        <\/div><!-- \/.entry-content -->\n        \n\t\t<\/div>\n\t\t<!-- \/.post-content-inner -->\n\t<\/div>\n\t<!-- \/.post-content -->\n\t\n<\/article>\n<!-- \/.post -->\n<article id=\"post-1836\" class=\"post tf_clearfix post-1836 type-post status-publish format-standard has-post-thumbnail hentry category-nicht-kategorisiert has-post-title has-post-date has-post-category has-post-tag no-post-comment no-post-author   cat-43 initial-cat\">\n\t    \n\t                <figure class=\"post-image tf_clearfix\">\n                                                            <a href=\"https:\/\/portability-project.eu\/de\/portability-a-pioneering-project-takes-off\/\">\n                                        <img loading=\"lazy\" decoding=\"async\" width=\"1640\" height=\"738\" src=\"https:\/\/portability-project.eu\/wp-content\/uploads\/2025\/09\/News-01-KoM-IMG-20250529-WA0029-1.jpg\" class=\"wp-post-image wp-image-1837\" title=\"News 01 - KoM - IMG-20250529-WA0029 (1)\" alt=\"News 01 - KoM - IMG-20250529-WA0029 (1)\" srcset=\"https:\/\/portability-project.eu\/wp-content\/uploads\/2025\/09\/News-01-KoM-IMG-20250529-WA0029-1.jpg 1640w, https:\/\/portability-project.eu\/wp-content\/uploads\/2025\/09\/News-01-KoM-IMG-20250529-WA0029-1-300x135.jpg 300w, https:\/\/portability-project.eu\/wp-content\/uploads\/2025\/09\/News-01-KoM-IMG-20250529-WA0029-1-1024x461.jpg 1024w, https:\/\/portability-project.eu\/wp-content\/uploads\/2025\/09\/News-01-KoM-IMG-20250529-WA0029-1-768x346.jpg 768w, https:\/\/portability-project.eu\/wp-content\/uploads\/2025\/09\/News-01-KoM-IMG-20250529-WA0029-1-1536x691.jpg 1536w\" sizes=\"auto, (max-width: 1640px) 100vw, 1640px\" \/>                                                                    <\/a>\n                                                                <\/figure>\n                    \t<div class=\"post-content\">\n\t\t<div class=\"post-content-inner\">\n\n\t\t\t\t\t\t\t\t<div class=\"post-date-wrap post-date-inline\">\n\t\t<time class=\"post-date entry-date updated\" datetime=\"2025-05-15\">\n\t\t\t\t\t<span class=\"year\">15\/05\/2025<\/span>\n\t\t\t\t<\/time>\n\t<\/div><!-- .post-date-wrap -->\n\t\t\t\t\n\t\t\t<h2 class=\"post-title entry-title\"><a href=\"https:\/\/portability-project.eu\/de\/portability-a-pioneering-project-takes-off\/\">PortAbility \u2013 Ein wegweisendes Projekt startet<\/a><\/h2>\n\t\t\t\t\t\t\t<p class=\"post-meta entry-meta\">\n\t\t\t\t\t\n\t\t\t\t\t<span class=\"post-category\"><a href=\"https:\/\/portability-project.eu\/de\/category\/nicht-kategorisiert\/\" rel=\"tag\" class=\"term-nicht-kategorisiert\">Nicht kategorisiert<\/a><\/span>\n\t\t\t\t\t\t\t\t\t\t\t\t\t\t\t\t\n\t\t\t\t\t\t\t\t\t<\/p>\n\t\t\t\t<!-- \/post-meta -->\n\t\t\t\n\t\t\t\n\t\t\t        <div class=\"entry-content\">\n\n        \n        <\/div><!-- \/.entry-content -->\n        \n\t\t<\/div>\n\t\t<!-- \/.post-content-inner -->\n\t<\/div>\n\t<!-- \/.post-content -->\n\t\n<\/article>\n<!-- \/.post -->\n    <\/div><!-- .builder-posts-wrap -->\n                                                    <\/div>\n<!-- \/module post -->\n            <\/div>\n                        <\/div>\n        <\/div>\n        <\/div>\n<!--\/themify_builder_content-->","protected":false},"excerpt":{"rendered":"<p>News &amp; Veranstaltungen<\/p>\n","protected":false},"author":1,"featured_media":0,"parent":0,"menu_order":0,"comment_status":"closed","ping_status":"closed","template":"","meta":{"footnotes":""},"class_list":["post-1758","page","type-page","status-publish","hentry","has-post-title","has-post-date","has-post-category","has-post-tag","has-post-comment","has-post-author","","initial-cat"],"builder_content":"<h1>News &amp; Veranstaltungen<\/h1>","_links":{"self":[{"href":"https:\/\/portability-project.eu\/de\/wp-json\/wp\/v2\/pages\/1758","targetHints":{"allow":["GET"]}}],"collection":[{"href":"https:\/\/portability-project.eu\/de\/wp-json\/wp\/v2\/pages"}],"about":[{"href":"https:\/\/portability-project.eu\/de\/wp-json\/wp\/v2\/types\/page"}],"author":[{"embeddable":true,"href":"https:\/\/portability-project.eu\/de\/wp-json\/wp\/v2\/users\/1"}],"replies":[{"embeddable":true,"href":"https:\/\/portability-project.eu\/de\/wp-json\/wp\/v2\/comments?post=1758"}],"version-history":[{"count":8,"href":"https:\/\/portability-project.eu\/de\/wp-json\/wp\/v2\/pages\/1758\/revisions"}],"predecessor-version":[{"id":1884,"href":"https:\/\/portability-project.eu\/de\/wp-json\/wp\/v2\/pages\/1758\/revisions\/1884"}],"wp:attachment":[{"href":"https:\/\/portability-project.eu\/de\/wp-json\/wp\/v2\/media?parent=1758"}],"curies":[{"name":"wp","href":"https:\/\/api.w.org\/{rel}","templated":true}]}}