{"id":1767,"date":"2019-11-15T01:34:06","date_gmt":"2019-11-14T23:34:06","guid":{"rendered":"https:\/\/portability-project.eu\/project-results\/"},"modified":"2025-12-22T15:56:03","modified_gmt":"2025-12-22T13:56:03","slug":"project-results","status":"publish","type":"page","link":"https:\/\/portability-project.eu\/de\/project-results\/","title":{"rendered":"Project results"},"content":{"rendered":"<!--themify_builder_content-->\n<div id=\"themify_builder_content-1767\" data-postid=\"1767\" class=\"themify_builder_content themify_builder_content-1767 themify_builder tf_clear\">\n                    <div  data-lazy=\"1\" class=\"module_row themify_builder_row tb_07us350 tb_first tf_w\">\n            <span  class=\"builder_row_cover tf_abs\" data-lazy=\"1\"><\/span>            <div class=\"row_inner col_align_top tb_col_count_2 tf_box tf_rel\">\n                        <div  data-lazy=\"1\" class=\"module_column tb-column col3-2 tb_zp43350 first\">\n                    <!-- module text -->\n<div  class=\"module module-text tb_q49t350   \" data-lazy=\"1\">\n        <div  class=\"tb_text_wrap\">\n        <h1>Ergebnisse<\/h1>    <\/div>\n<\/div>\n<!-- \/module text -->        <\/div>\n                    <div  data-lazy=\"1\" class=\"module_column tb-column col3-1 tb_p0u7350 last\">\n                            <\/div>\n                        <\/div>\n        <\/div>\n                        <div  data-lazy=\"1\" class=\"module_row themify_builder_row tb_4zq6350 tf_w\">\n                        <div class=\"row_inner col_align_top tb_col_count_1 tf_box tf_rel\">\n                        <div  data-lazy=\"1\" class=\"module_column tb-column col-full tb_psip350 first\">\n                    <!-- module text -->\n<div  class=\"module module-text tb_85dw350   \" data-lazy=\"1\">\n        <div  class=\"tb_text_wrap\">\n        <p>PortAbility verfolgt das Ziel, ein starkes Netzwerk von CoVEs im gesamten Mittelmeerraum aufzubauen \u2013 mit Beteiligung aller wichtigen Akteure: Berufsbildungszentren, Bildungseinrichtungen, Wirtschaft, Verwaltung und lokale Gemeinschaften.<\/p>\n<p>Durch die enge Verbindung von beruflicher Bildung mit den sich wandelnden Bed\u00fcrfnissen der hafenbezogenen Industrien und Gemeinden wird das Projekt konkrete Instrumente und Strategien entwickeln, um sicherzustellen, dass die europ\u00e4ischen Hafenregionen \u00fcber die Kompetenzen verf\u00fcgen, die f\u00fcr die Arbeitspl\u00e4tze der Zukunft erforderlich sind.<\/p>\n<p>&#8222;Unsere Strategien zur Weiterqualifizierung und Umschulung der Arbeitskr\u00e4fte st\u00fctzen sich auf drei miteinander verbundene Schwerpunkte: gr\u00fcne Transformation, digitale Entwicklung und soziale Inklusion. Zu den wichtigsten geplanten Ergebnissen geh\u00f6ren:<br><br><\/p>    <\/div>\n<\/div>\n<!-- \/module text --><!-- module timeline -->\n<div  id=\"tb_zutb350\" class=\"module tf_hidden tf_lazy module-timeline tb_zutb350 layout-list \" data-lazy=\"1\">\n    <ul class=\"tf_rel\">\n\t\t\t<li id=\"timeline-0\" class=\"timeline-post with-icon \">\n\t\t\t<span class=\"module-timeline-date tf_box tf_textr\">\n\t\t\t\t\t  Mai 2025\t\t\t<\/span>\n\t\t\t\t\t\t\t<i class=\"module-timeline-icon\" style=\"background-color:#06bacc;\"><svg  class=\"tf_fa tf-fas-calendar-check\" aria-hidden=\"true\"><use href=\"#tf-fas-calendar-check\"><\/use><\/svg><\/i>\n\n\t\t\t\t\t\t<div class=\"module-timeline-content-wrap tf_box tf_right\">\n\t\t\t\t<div class=\"module-timeline-content\">\n\t\t\t\t\t\t\t\t\t\t\t<h2 class=\"module-timeline-title\">    \n\t\t\t\t\t\t\t\t\t\t\t\t\t\t\t\t   Projektstart\t\t\t\t\t\t\t   \t\t\t\t\t\t<\/h2>\n\t\t\t\t\t\t\t\t\t\t\t\t\t\t\t\t\t\t\t\t\t<div class=\"entry-content\" itemprop=\"articleBody\">\n\t\t\t\t\t\t\t\t \t\t\t\t\t\t<\/div><!-- \/.entry-content -->\n\t\t\t\t\t\t\t\t\t<\/div><!-- \/.timeline-content -->\n\t\t\t<\/div><!-- \/.timeline-content-wrap -->\n\t\t<\/li>\n\t\t\t<li id=\"timeline-1\" class=\"timeline-post with-icon \">\n\t\t\t<span class=\"module-timeline-date tf_box tf_textr\">\n\t\t\t\t\t  Mai 2026\t\t\t<\/span>\n\t\t\t\t\t\t\t<i class=\"module-timeline-icon\" style=\"background-color:#0a3a69;\"><svg  class=\"tf_fa tf-fas-calendar-check\" aria-hidden=\"true\"><use href=\"#tf-fas-calendar-check\"><\/use><\/svg><\/i>\n\n\t\t\t\t\t\t<div class=\"module-timeline-content-wrap tf_box tf_right\">\n\t\t\t\t<div class=\"module-timeline-content\">\n\t\t\t\t\t\t\t\t\t\t\t<h2 class=\"module-timeline-title\">    \n\t\t\t\t\t\t\t\t\t\t\t\t\t\t\t\t   PortAbility-Blueprint\t\t\t\t\t\t\t   \t\t\t\t\t\t<\/h2>\n\t\t\t\t\t\t\t\t\t\t\t\t\t\t\t\t\t\t\t\t\t<div class=\"entry-content\" itemprop=\"articleBody\">\n\t\t\t\t\t\t\t\t <p>Vergleichende Studie und Fahrplan f\u00fcr die berufliche Bildung in Hafenst\u00e4dten<\/p>\t\t\t\t\t\t<\/div><!-- \/.entry-content -->\n\t\t\t\t\t\t\t\t\t<\/div><!-- \/.timeline-content -->\n\t\t\t<\/div><!-- \/.timeline-content-wrap -->\n\t\t<\/li>\n\t\t\t<li id=\"timeline-2\" class=\"timeline-post with-icon \">\n\t\t\t<span class=\"module-timeline-date tf_box tf_textr\">\n\t\t\t\t\t  Januar 2027\t\t\t<\/span>\n\t\t\t\t\t\t\t<i class=\"module-timeline-icon\" style=\"background-color:#06bacc;\"><svg  class=\"tf_fa tf-fas-calendar-check\" aria-hidden=\"true\"><use href=\"#tf-fas-calendar-check\"><\/use><\/svg><\/i>\n\n\t\t\t\t\t\t<div class=\"module-timeline-content-wrap tf_box tf_right\">\n\t\t\t\t<div class=\"module-timeline-content\">\n\t\t\t\t\t\t\t\t\t\t\t<h2 class=\"module-timeline-title\">    \n\t\t\t\t\t\t\t\t\t\t\t\t\t\t\t\t   Ausbildungsrichtlinien\t\t\t\t\t\t\t   \t\t\t\t\t\t<\/h2>\n\t\t\t\t\t\t\t\t\t\t\t\t\t\t\t\t\t\t\t\t\t<div class=\"entry-content\" itemprop=\"articleBody\">\n\t\t\t\t\t\t\t\t <p>Rahmen f\u00fcr Lernen, Validierung und Mikro-Zertifikate<\/p>\t\t\t\t\t\t<\/div><!-- \/.entry-content -->\n\t\t\t\t\t\t\t\t\t<\/div><!-- \/.timeline-content -->\n\t\t\t<\/div><!-- \/.timeline-content-wrap -->\n\t\t<\/li>\n\t\t\t<li id=\"timeline-3\" class=\"timeline-post with-icon \">\n\t\t\t<span class=\"module-timeline-date tf_box tf_textr\">\n\t\t\t\t\t  Januar 2027\t\t\t<\/span>\n\t\t\t\t\t\t\t<i class=\"module-timeline-icon\" style=\"background-color:#0a3a69;\"><svg  class=\"tf_fa tf-fas-calendar-check\" aria-hidden=\"true\"><use href=\"#tf-fas-calendar-check\"><\/use><\/svg><\/i>\n\n\t\t\t\t\t\t<div class=\"module-timeline-content-wrap tf_box tf_right\">\n\t\t\t\t<div class=\"module-timeline-content\">\n\t\t\t\t\t\t\t\t\t\t\t<h2 class=\"module-timeline-title\">    \n\t\t\t\t\t\t\t\t\t\t\t\t\t\t\t\t   Lernumgebung\t\t\t\t\t\t\t   \t\t\t\t\t\t<\/h2>\n\t\t\t\t\t\t\t\t\t\t\t\t\t\t\t\t\t\t\t\t\t<div class=\"entry-content\" itemprop=\"articleBody\">\n\t\t\t\t\t\t\t\t <p>Digitale Plattform mit KI-gest\u00fctzten Lern- und Schulungswerkzeugen<\/p>\t\t\t\t\t\t<\/div><!-- \/.entry-content -->\n\t\t\t\t\t\t\t\t\t<\/div><!-- \/.timeline-content -->\n\t\t\t<\/div><!-- \/.timeline-content-wrap -->\n\t\t<\/li>\n\t\t\t<li id=\"timeline-4\" class=\"timeline-post with-icon \">\n\t\t\t<span class=\"module-timeline-date tf_box tf_textr\">\n\t\t\t\t\t  M\u00e4rz 2027\t\t\t<\/span>\n\t\t\t\t\t\t\t<i class=\"module-timeline-icon\" style=\"background-color:#06bacc;\"><svg  class=\"tf_fa tf-fas-calendar-check\" aria-hidden=\"true\"><use href=\"#tf-fas-calendar-check\"><\/use><\/svg><\/i>\n\n\t\t\t\t\t\t<div class=\"module-timeline-content-wrap tf_box tf_right\">\n\t\t\t\t<div class=\"module-timeline-content\">\n\t\t\t\t\t\t\t\t\t\t\t<h2 class=\"module-timeline-title\">    \n\t\t\t\t\t\t\t\t\t\t\t\t\t\t\t\t   Protokolle zur Weiterqualifizierung und Umschulung\t\t\t\t\t\t\t   \t\t\t\t\t\t<\/h2>\n\t\t\t\t\t\t\t\t\t\t\t\t\t\t\t\t\t\t\t\t\t<div class=\"entry-content\" itemprop=\"articleBody\">\n\t\t\t\t\t\t\t\t <p>Entwicklung eines Schulungsrahmens f\u00fcr Pilotprojekte<\/p>\t\t\t\t\t\t<\/div><!-- \/.entry-content -->\n\t\t\t\t\t\t\t\t\t<\/div><!-- \/.timeline-content -->\n\t\t\t<\/div><!-- \/.timeline-content-wrap -->\n\t\t<\/li>\n\t\t\t<li id=\"timeline-5\" class=\"timeline-post with-icon \">\n\t\t\t<span class=\"module-timeline-date tf_box tf_textr\">\n\t\t\t\t\t  Juni 2028\t\t\t<\/span>\n\t\t\t\t\t\t\t<i class=\"module-timeline-icon\" style=\"background-color:#0a3a69;\"><svg  class=\"tf_fa tf-fas-calendar-check\" aria-hidden=\"true\"><use href=\"#tf-fas-calendar-check\"><\/use><\/svg><\/i>\n\n\t\t\t\t\t\t<div class=\"module-timeline-content-wrap tf_box tf_right\">\n\t\t\t\t<div class=\"module-timeline-content\">\n\t\t\t\t\t\t\t\t\t\t\t<h2 class=\"module-timeline-title\">    \n\t\t\t\t\t\t\t\t\t\t\t\t\t\t\t\t   Strategisches Beitragspapier\t\t\t\t\t\t\t   \t\t\t\t\t\t<\/h2>\n\t\t\t\t\t\t\t\t\t\t\t\t\t\t\t\t\t\t\t\t\t<div class=\"entry-content\" itemprop=\"articleBody\">\n\t\t\t\t\t\t\t\t <p>Kompetenzen und Governance f\u00fcr den Wandel in H\u00e4fen<\/p>\t\t\t\t\t\t<\/div><!-- \/.entry-content -->\n\t\t\t\t\t\t\t\t\t<\/div><!-- \/.timeline-content -->\n\t\t\t<\/div><!-- \/.timeline-content-wrap -->\n\t\t<\/li>\n\t\t\t<li id=\"timeline-6\" class=\"timeline-post with-icon \">\n\t\t\t<span class=\"module-timeline-date tf_box tf_textr\">\n\t\t\t\t\t  August 2028\t\t\t<\/span>\n\t\t\t\t\t\t\t<i class=\"module-timeline-icon\" style=\"background-color:#06bacc;\"><svg  class=\"tf_fa tf-fas-calendar-check\" aria-hidden=\"true\"><use href=\"#tf-fas-calendar-check\"><\/use><\/svg><\/i>\n\n\t\t\t\t\t\t<div class=\"module-timeline-content-wrap tf_box tf_right\">\n\t\t\t\t<div class=\"module-timeline-content\">\n\t\t\t\t\t\t\t\t\t\t\t<h2 class=\"module-timeline-title\">    \n\t\t\t\t\t\t\t\t\t\t\t\t\t\t\t\t   Bericht zu Empowerment und Kapazit\u00e4tsaufbau\t\t\t\t\t\t\t   \t\t\t\t\t\t<\/h2>\n\t\t\t\t\t\t\t\t\t\t\t\t\t\t\t\t\t\t\t\t\t<div class=\"entry-content\" itemprop=\"articleBody\">\n\t\t\t\t\t\t\t\t <p>Abschlie\u00dfende lokale Protokolle und Schulungsergebnisse<\/p>\t\t\t\t\t\t<\/div><!-- \/.entry-content -->\n\t\t\t\t\t\t\t\t\t<\/div><!-- \/.timeline-content -->\n\t\t\t<\/div><!-- \/.timeline-content-wrap -->\n\t\t<\/li>\n\t\t\t<li id=\"timeline-7\" class=\"timeline-post with-icon \">\n\t\t\t<span class=\"module-timeline-date tf_box tf_textr\">\n\t\t\t\t\t  Oktober 2028\t\t\t<\/span>\n\t\t\t\t\t\t\t<i class=\"module-timeline-icon\" style=\"background-color:#0a3a69;\"><svg  class=\"tf_fa tf-fas-calendar-check\" aria-hidden=\"true\"><use href=\"#tf-fas-calendar-check\"><\/use><\/svg><\/i>\n\n\t\t\t\t\t\t<div class=\"module-timeline-content-wrap tf_box tf_right\">\n\t\t\t\t<div class=\"module-timeline-content\">\n\t\t\t\t\t\t\t\t\t\t\t<h2 class=\"module-timeline-title\">    \n\t\t\t\t\t\t\t\t\t\t\t\t\t\t\t\t   Peer-Review-Bericht zum Lehrplan\t\t\t\t\t\t\t   \t\t\t\t\t\t<\/h2>\n\t\t\t\t\t\t\t\t\t\t\t\t\t\t\t\t\t\t\t\t\t<div class=\"entry-content\" itemprop=\"articleBody\">\n\t\t\t\t\t\t\t\t <p>Methoden zur Sicherung der Aktualit\u00e4t und Relevanz beruflicher Bildung f\u00fcr den Wandel in Hafenst\u00e4dten<\/p>\t\t\t\t\t\t<\/div><!-- \/.entry-content -->\n\t\t\t\t\t\t\t\t\t<\/div><!-- \/.timeline-content -->\n\t\t\t<\/div><!-- \/.timeline-content-wrap -->\n\t\t<\/li>\n\t\t\t<li id=\"timeline-8\" class=\"timeline-post with-icon \">\n\t\t\t<span class=\"module-timeline-date tf_box tf_textr\">\n\t\t\t\t\t  Oktober 2028\t\t\t<\/span>\n\t\t\t\t\t\t\t<i class=\"module-timeline-icon\" style=\"background-color:#06bacc;\"><svg  class=\"tf_fa tf-fas-calendar-check\" aria-hidden=\"true\"><use href=\"#tf-fas-calendar-check\"><\/use><\/svg><\/i>\n\n\t\t\t\t\t\t<div class=\"module-timeline-content-wrap tf_box tf_right\">\n\t\t\t\t<div class=\"module-timeline-content\">\n\t\t\t\t\t\t\t\t\t\t\t<h2 class=\"module-timeline-title\">    \n\t\t\t\t\t\t\t\t\t\t\t\t\t\t\t\t   Aktionsplan f\u00fcr Inklusion\t\t\t\t\t\t\t   \t\t\t\t\t\t<\/h2>\n\t\t\t\t\t\t\t\t\t\t\t\t\t\t\t\t\t\t\t\t\t<div class=\"entry-content\" itemprop=\"articleBody\">\n\t\t\t\t\t\t\t\t <p>Strategien zur Verankerung sozialer Teilhabe in der beruflichen Bildung<\/p>\t\t\t\t\t\t<\/div><!-- \/.entry-content -->\n\t\t\t\t\t\t\t\t\t<\/div><!-- \/.timeline-content -->\n\t\t\t<\/div><!-- \/.timeline-content-wrap -->\n\t\t<\/li>\n\t\t\t<li id=\"timeline-9\" class=\"timeline-post with-icon \">\n\t\t\t<span class=\"module-timeline-date tf_box tf_textr\">\n\t\t\t\t\t  Oktober 2028\t\t\t<\/span>\n\t\t\t\t\t\t\t<i class=\"module-timeline-icon\" style=\"background-color:#0a3a69;\"><svg  class=\"tf_fa tf-fas-calendar-check\" aria-hidden=\"true\"><use href=\"#tf-fas-calendar-check\"><\/use><\/svg><\/i>\n\n\t\t\t\t\t\t<div class=\"module-timeline-content-wrap tf_box tf_right\">\n\t\t\t\t<div class=\"module-timeline-content\">\n\t\t\t\t\t\t\t\t\t\t\t<h2 class=\"module-timeline-title\">    \n\t\t\t\t\t\t\t\t\t\t\t\t\t\t\t\t   Aktionsplan f\u00fcr gerechte Umstellungen\t\t\t\t\t\t\t   \t\t\t\t\t\t<\/h2>\n\t\t\t\t\t\t\t\t\t\t\t\t\t\t\t\t\t\t\t\t\t<div class=\"entry-content\" itemprop=\"articleBody\">\n\t\t\t\t\t\t\t\t <p>Abstimmung der beruflichen Bildung mit der regionalen Entwicklungsplanung<\/p>\t\t\t\t\t\t<\/div><!-- \/.entry-content -->\n\t\t\t\t\t\t\t\t\t<\/div><!-- \/.timeline-content -->\n\t\t\t<\/div><!-- \/.timeline-content-wrap -->\n\t\t<\/li>\n\t\t\t<li id=\"timeline-10\" class=\"timeline-post with-icon \">\n\t\t\t<span class=\"module-timeline-date tf_box tf_textr\">\n\t\t\t\t\t  Februar 2029\t\t\t<\/span>\n\t\t\t\t\t\t\t<i class=\"module-timeline-icon\" style=\"background-color:#06bacc;\"><svg  class=\"tf_fa tf-fas-calendar-check\" aria-hidden=\"true\"><use href=\"#tf-fas-calendar-check\"><\/use><\/svg><\/i>\n\n\t\t\t\t\t\t<div class=\"module-timeline-content-wrap tf_box tf_right\">\n\t\t\t\t<div class=\"module-timeline-content\">\n\t\t\t\t\t\t\t\t\t\t\t<h2 class=\"module-timeline-title\">    \n\t\t\t\t\t\t\t\t\t\t\t\t\t\t\t\t   Politische Empfehlungen\t\t\t\t\t\t\t   \t\t\t\t\t\t<\/h2>\n\t\t\t\t\t\t\t\t\t\t\t\t\t\t\t\t\t\t\t\t\t<div class=\"entry-content\" itemprop=\"articleBody\">\n\t\t\t\t\t\t\t\t <p>Vorschl\u00e4ge f\u00fcr Entscheidungstr\u00e4ger, Fachleute und Hafenverwaltungen<\/p>\t\t\t\t\t\t<\/div><!-- \/.entry-content -->\n\t\t\t\t\t\t\t\t\t<\/div><!-- \/.timeline-content -->\n\t\t\t<\/div><!-- \/.timeline-content-wrap -->\n\t\t<\/li>\n\t\t\t<li id=\"timeline-11\" class=\"timeline-post with-icon \">\n\t\t\t<span class=\"module-timeline-date tf_box tf_textr\">\n\t\t\t\t\t  Februar 2029\t\t\t<\/span>\n\t\t\t\t\t\t\t<i class=\"module-timeline-icon\" style=\"background-color:#0a3a69;\"><svg  class=\"tf_fa tf-fas-calendar-check\" aria-hidden=\"true\"><use href=\"#tf-fas-calendar-check\"><\/use><\/svg><\/i>\n\n\t\t\t\t\t\t<div class=\"module-timeline-content-wrap tf_box tf_right\">\n\t\t\t\t<div class=\"module-timeline-content\">\n\t\t\t\t\t\t\t\t\t\t\t<h2 class=\"module-timeline-title\">    \n\t\t\t\t\t\t\t\t\t\t\t\t\t\t\t\t   Transnationale Konferenz\t\t\t\t\t\t\t   \t\t\t\t\t\t<\/h2>\n\t\t\t\t\t\t\t\t\t\t\t\t\t\t\t\t\t\t\t\t\t<div class=\"entry-content\" itemprop=\"articleBody\">\n\t\t\t\t\t\t\t\t <p>St\u00e4rkung der CoVEs als Motor f\u00fcr gerechte Transformationen in europ\u00e4ischen Hafenregionen<\/p>\t\t\t\t\t\t<\/div><!-- \/.entry-content -->\n\t\t\t\t\t\t\t\t\t<\/div><!-- \/.timeline-content -->\n\t\t\t<\/div><!-- \/.timeline-content-wrap -->\n\t\t<\/li>\n\t<\/ul><\/div>\n<!-- \/module timeline -->        <\/div>\n                        <\/div>\n        <\/div>\n        <\/div>\n<!--\/themify_builder_content-->","protected":false},"excerpt":{"rendered":"<p>Ergebnisse<\/p>\n","protected":false},"author":1,"featured_media":0,"parent":0,"menu_order":0,"comment_status":"closed","ping_status":"closed","template":"","meta":{"footnotes":""},"class_list":["post-1767","page","type-page","status-publish","hentry","has-post-title","has-post-date","has-post-category","has-post-tag","has-post-comment","has-post-author",""],"builder_content":"<h1>Ergebnisse<\/h1>\n<p>PortAbility verfolgt das Ziel, ein starkes Netzwerk von CoVEs im gesamten Mittelmeerraum aufzubauen \u2013 mit Beteiligung aller wichtigen Akteure: Berufsbildungszentren, Bildungseinrichtungen, Wirtschaft, Verwaltung und lokale Gemeinschaften.<\/p> <p>Durch die enge Verbindung von beruflicher Bildung mit den sich wandelnden Bed\u00fcrfnissen der hafenbezogenen Industrien und Gemeinden wird das Projekt konkrete Instrumente und Strategien entwickeln, um sicherzustellen, dass die europ\u00e4ischen Hafenregionen \u00fcber die Kompetenzen verf\u00fcgen, die f\u00fcr die Arbeitspl\u00e4tze der Zukunft erforderlich sind.<\/p> <p>\"Unsere Strategien zur Weiterqualifizierung und Umschulung der Arbeitskr\u00e4fte st\u00fctzen sich auf drei miteinander verbundene Schwerpunkte: gr\u00fcne Transformation, digitale Entwicklung und soziale Inklusion. Zu den wichtigsten geplanten Ergebnissen geh\u00f6ren:<br><br><\/p>\n<ul> <li id=\"timeline-0\"> Mai 2025 <i style=\"background-color:#06bacc;\"><svg aria-hidden=\"true\"><use href=\"#tf-fas-calendar-check\"><\/use><\/svg><\/i>\n <h2> Projektstart <\/h2> <\/li> <li id=\"timeline-1\"> Mai 2026 <i style=\"background-color:#0a3a69;\"><svg aria-hidden=\"true\"><use href=\"#tf-fas-calendar-check\"><\/use><\/svg><\/i>\n <h2> PortAbility-Blueprint <\/h2> <p>Vergleichende Studie und Fahrplan f\u00fcr die berufliche Bildung in Hafenst\u00e4dten<\/p> <\/li> <li id=\"timeline-2\"> Januar 2027 <i style=\"background-color:#06bacc;\"><svg aria-hidden=\"true\"><use href=\"#tf-fas-calendar-check\"><\/use><\/svg><\/i>\n <h2> Ausbildungsrichtlinien <\/h2> <p>Rahmen f\u00fcr Lernen, Validierung und Mikro-Zertifikate<\/p> <\/li> <li id=\"timeline-3\"> Januar 2027 <i style=\"background-color:#0a3a69;\"><svg aria-hidden=\"true\"><use href=\"#tf-fas-calendar-check\"><\/use><\/svg><\/i>\n <h2> Lernumgebung <\/h2> <p>Digitale Plattform mit KI-gest\u00fctzten Lern- und Schulungswerkzeugen<\/p> <\/li> <li id=\"timeline-4\"> M\u00e4rz 2027 <i style=\"background-color:#06bacc;\"><svg aria-hidden=\"true\"><use href=\"#tf-fas-calendar-check\"><\/use><\/svg><\/i>\n <h2> Protokolle zur Weiterqualifizierung und Umschulung <\/h2> <p>Entwicklung eines Schulungsrahmens f\u00fcr Pilotprojekte<\/p> <\/li> <li id=\"timeline-5\"> Juni 2028 <i style=\"background-color:#0a3a69;\"><svg aria-hidden=\"true\"><use href=\"#tf-fas-calendar-check\"><\/use><\/svg><\/i>\n <h2> Strategisches Beitragspapier <\/h2> <p>Kompetenzen und Governance f\u00fcr den Wandel in H\u00e4fen<\/p> <\/li> <li id=\"timeline-6\"> August 2028 <i style=\"background-color:#06bacc;\"><svg aria-hidden=\"true\"><use href=\"#tf-fas-calendar-check\"><\/use><\/svg><\/i>\n <h2> Bericht zu Empowerment und Kapazit\u00e4tsaufbau <\/h2> <p>Abschlie\u00dfende lokale Protokolle und Schulungsergebnisse<\/p> <\/li> <li id=\"timeline-7\"> Oktober 2028 <i style=\"background-color:#0a3a69;\"><svg aria-hidden=\"true\"><use href=\"#tf-fas-calendar-check\"><\/use><\/svg><\/i>\n <h2> Peer-Review-Bericht zum Lehrplan <\/h2> <p>Methoden zur Sicherung der Aktualit\u00e4t und Relevanz beruflicher Bildung f\u00fcr den Wandel in Hafenst\u00e4dten<\/p> <\/li> <li id=\"timeline-8\"> Oktober 2028 <i style=\"background-color:#06bacc;\"><svg aria-hidden=\"true\"><use href=\"#tf-fas-calendar-check\"><\/use><\/svg><\/i>\n <h2> Aktionsplan f\u00fcr Inklusion <\/h2> <p>Strategien zur Verankerung sozialer Teilhabe in der beruflichen Bildung<\/p> <\/li> <li id=\"timeline-9\"> Oktober 2028 <i style=\"background-color:#0a3a69;\"><svg aria-hidden=\"true\"><use href=\"#tf-fas-calendar-check\"><\/use><\/svg><\/i>\n <h2> Aktionsplan f\u00fcr gerechte Umstellungen <\/h2> <p>Abstimmung der beruflichen Bildung mit der regionalen Entwicklungsplanung<\/p> <\/li> <li id=\"timeline-10\"> Februar 2029 <i style=\"background-color:#06bacc;\"><svg aria-hidden=\"true\"><use href=\"#tf-fas-calendar-check\"><\/use><\/svg><\/i>\n <h2> Politische Empfehlungen <\/h2> <p>Vorschl\u00e4ge f\u00fcr Entscheidungstr\u00e4ger, Fachleute und Hafenverwaltungen<\/p> <\/li> <li id=\"timeline-11\"> Februar 2029 <i style=\"background-color:#0a3a69;\"><svg aria-hidden=\"true\"><use href=\"#tf-fas-calendar-check\"><\/use><\/svg><\/i>\n <h2> Transnationale Konferenz <\/h2> <p>St\u00e4rkung der CoVEs als Motor f\u00fcr gerechte Transformationen in europ\u00e4ischen Hafenregionen<\/p> <\/li> <\/ul>","_links":{"self":[{"href":"https:\/\/portability-project.eu\/de\/wp-json\/wp\/v2\/pages\/1767","targetHints":{"allow":["GET"]}}],"collection":[{"href":"https:\/\/portability-project.eu\/de\/wp-json\/wp\/v2\/pages"}],"about":[{"href":"https:\/\/portability-project.eu\/de\/wp-json\/wp\/v2\/types\/page"}],"author":[{"embeddable":true,"href":"https:\/\/portability-project.eu\/de\/wp-json\/wp\/v2\/users\/1"}],"replies":[{"embeddable":true,"href":"https:\/\/portability-project.eu\/de\/wp-json\/wp\/v2\/comments?post=1767"}],"version-history":[{"count":9,"href":"https:\/\/portability-project.eu\/de\/wp-json\/wp\/v2\/pages\/1767\/revisions"}],"predecessor-version":[{"id":1803,"href":"https:\/\/portability-project.eu\/de\/wp-json\/wp\/v2\/pages\/1767\/revisions\/1803"}],"wp:attachment":[{"href":"https:\/\/portability-project.eu\/de\/wp-json\/wp\/v2\/media?parent=1767"}],"curies":[{"name":"wp","href":"https:\/\/api.w.org\/{rel}","templated":true}]}}