{"id":1229,"date":"2019-11-15T01:34:06","date_gmt":"2019-11-14T23:34:06","guid":{"rendered":"https:\/\/portability-project.eu\/project-results\/"},"modified":"2025-10-07T15:44:52","modified_gmt":"2025-10-07T12:44:52","slug":"project-results","status":"publish","type":"page","link":"https:\/\/portability-project.eu\/es\/project-results\/","title":{"rendered":"Project results"},"content":{"rendered":"<!--themify_builder_content-->\n<div id=\"themify_builder_content-1229\" data-postid=\"1229\" class=\"themify_builder_content themify_builder_content-1229 themify_builder tf_clear\">\n                    <div  data-lazy=\"1\" class=\"module_row themify_builder_row tb_urrn881 tb_first tf_w\">\n            <span  class=\"builder_row_cover tf_abs\" data-lazy=\"1\"><\/span>            <div class=\"row_inner col_align_top tb_col_count_2 tf_box tf_rel\">\n                        <div  data-lazy=\"1\" class=\"module_column tb-column col3-2 tb_s2vn881 first\">\n                    <!-- module text -->\n<div  class=\"module module-text tb_4opq881   \" data-lazy=\"1\">\n        <div  class=\"tb_text_wrap\">\n        <h1>Resultados<\/h1>    <\/div>\n<\/div>\n<!-- \/module text -->        <\/div>\n                    <div  data-lazy=\"1\" class=\"module_column tb-column col3-1 tb_455e881 last\">\n                            <\/div>\n                        <\/div>\n        <\/div>\n                        <div  data-lazy=\"1\" class=\"module_row themify_builder_row tb_lhz5881 tf_w\">\n                        <div class=\"row_inner col_align_top tb_col_count_1 tf_box tf_rel\">\n                        <div  data-lazy=\"1\" class=\"module_column tb-column col-full tb_mvbd881 first\">\n                    <!-- module text -->\n<div  class=\"module module-text tb_cmx6881   \" data-lazy=\"1\">\n        <div  class=\"tb_text_wrap\">\n        <p>PortAbility impulsa un Centro de Excelencia Profesional (CoVE) que re\u00fane a todos los actores del ecosistema portuario: proveedores de FP, instituciones educativas, empresas, autoridades p\u00fablicas y comunidades locales.<\/p>\n<p>PortAbility conecta la Formaci\u00f3n Profesional con las necesidades cambiantes de las industrias y comunidades portuarias. El proyecto ofrece herramientas y estrategias concretas para que las \u00e1reas portuarias de toda Europa cuenten con las competencias necesarias para los empleos del futuro.<\/p>\n<p>Nuestras estrategias de Formaci\u00f3n Profesional para la actualizaci\u00f3n y recualificaci\u00f3n de la fuerza laboral se apoyan en tres pilares interconectados: transici\u00f3n verde, transformaci\u00f3n digital e inclusi\u00f3n social.<\/p>    <\/div>\n<\/div>\n<!-- \/module text --><!-- module timeline -->\n<div  id=\"tb_ixjs881\" class=\"module tf_hidden tf_lazy module-timeline tb_ixjs881 layout-list \" data-lazy=\"1\">\n    <ul class=\"tf_rel\">\n\t\t\t<li id=\"timeline-0\" class=\"timeline-post with-icon \">\n\t\t\t<span class=\"module-timeline-date tf_box tf_textr\">\n\t\t\t\t\t  Mayo 2025\t\t\t<\/span>\n\t\t\t\t\t\t\t<i class=\"module-timeline-icon\" style=\"background-color:#06bacc;\"><svg  class=\"tf_fa tf-fas-calendar-check\" aria-hidden=\"true\"><use href=\"#tf-fas-calendar-check\"><\/use><\/svg><\/i>\n\n\t\t\t\t\t\t<div class=\"module-timeline-content-wrap tf_box tf_right\">\n\t\t\t\t<div class=\"module-timeline-content\">\n\t\t\t\t\t\t\t\t\t\t\t<h2 class=\"module-timeline-title\">    \n\t\t\t\t\t\t\t\t\t\t\t\t\t\t\t\t   Lanzamiento del proyecto\t\t\t\t\t\t\t   \t\t\t\t\t\t<\/h2>\n\t\t\t\t\t\t\t\t\t\t\t\t\t\t\t\t\t\t\t\t\t<div class=\"entry-content\" itemprop=\"articleBody\">\n\t\t\t\t\t\t\t\t \t\t\t\t\t\t<\/div><!-- \/.entry-content -->\n\t\t\t\t\t\t\t\t\t<\/div><!-- \/.timeline-content -->\n\t\t\t<\/div><!-- \/.timeline-content-wrap -->\n\t\t<\/li>\n\t\t\t<li id=\"timeline-1\" class=\"timeline-post with-icon \">\n\t\t\t<span class=\"module-timeline-date tf_box tf_textr\">\n\t\t\t\t\t  Mayo 2026\t\t\t<\/span>\n\t\t\t\t\t\t\t<i class=\"module-timeline-icon\" style=\"background-color:#0a3a69;\"><svg  class=\"tf_fa tf-fas-calendar-check\" aria-hidden=\"true\"><use href=\"#tf-fas-calendar-check\"><\/use><\/svg><\/i>\n\n\t\t\t\t\t\t<div class=\"module-timeline-content-wrap tf_box tf_right\">\n\t\t\t\t<div class=\"module-timeline-content\">\n\t\t\t\t\t\t\t\t\t\t\t<h2 class=\"module-timeline-title\">    \n\t\t\t\t\t\t\t\t\t\t\t\t\t\t\t\t   PortAbility Blueprint\t\t\t\t\t\t\t   \t\t\t\t\t\t<\/h2>\n\t\t\t\t\t\t\t\t\t\t\t\t\t\t\t\t\t\t\t\t\t<div class=\"entry-content\" itemprop=\"articleBody\">\n\t\t\t\t\t\t\t\t <p>Estudio comparativo y hoja de ruta para la FP en ciudades portuarias<\/p>\t\t\t\t\t\t<\/div><!-- \/.entry-content -->\n\t\t\t\t\t\t\t\t\t<\/div><!-- \/.timeline-content -->\n\t\t\t<\/div><!-- \/.timeline-content-wrap -->\n\t\t<\/li>\n\t\t\t<li id=\"timeline-2\" class=\"timeline-post with-icon \">\n\t\t\t<span class=\"module-timeline-date tf_box tf_textr\">\n\t\t\t\t\t  Enero 2027\t\t\t<\/span>\n\t\t\t\t\t\t\t<i class=\"module-timeline-icon\" style=\"background-color:#06bacc;\"><svg  class=\"tf_fa tf-fas-calendar-check\" aria-hidden=\"true\"><use href=\"#tf-fas-calendar-check\"><\/use><\/svg><\/i>\n\n\t\t\t\t\t\t<div class=\"module-timeline-content-wrap tf_box tf_right\">\n\t\t\t\t<div class=\"module-timeline-content\">\n\t\t\t\t\t\t\t\t\t\t\t<h2 class=\"module-timeline-title\">    \n\t\t\t\t\t\t\t\t\t\t\t\t\t\t\t\t   Directrices de formaci\u00f3n\t\t\t\t\t\t\t   \t\t\t\t\t\t<\/h2>\n\t\t\t\t\t\t\t\t\t\t\t\t\t\t\t\t\t\t\t\t\t<div class=\"entry-content\" itemprop=\"articleBody\">\n\t\t\t\t\t\t\t\t <p>Marco para el aprendizaje, la validaci\u00f3n y las microcredenciales<\/p>\t\t\t\t\t\t<\/div><!-- \/.entry-content -->\n\t\t\t\t\t\t\t\t\t<\/div><!-- \/.timeline-content -->\n\t\t\t<\/div><!-- \/.timeline-content-wrap -->\n\t\t<\/li>\n\t\t\t<li id=\"timeline-3\" class=\"timeline-post with-icon \">\n\t\t\t<span class=\"module-timeline-date tf_box tf_textr\">\n\t\t\t\t\t  Enero 2027\t\t\t<\/span>\n\t\t\t\t\t\t\t<i class=\"module-timeline-icon\" style=\"background-color:#0a3a69;\"><svg  class=\"tf_fa tf-fas-calendar-check\" aria-hidden=\"true\"><use href=\"#tf-fas-calendar-check\"><\/use><\/svg><\/i>\n\n\t\t\t\t\t\t<div class=\"module-timeline-content-wrap tf_box tf_right\">\n\t\t\t\t<div class=\"module-timeline-content\">\n\t\t\t\t\t\t\t\t\t\t\t<h2 class=\"module-timeline-title\">    \n\t\t\t\t\t\t\t\t\t\t\t\t\t\t\t\t   Entorno de aprendizaje\t\t\t\t\t\t\t   \t\t\t\t\t\t<\/h2>\n\t\t\t\t\t\t\t\t\t\t\t\t\t\t\t\t\t\t\t\t\t<div class=\"entry-content\" itemprop=\"articleBody\">\n\t\t\t\t\t\t\t\t <p>Plataforma digital con herramientas de formaci\u00f3n basadas en IA<\/p>\t\t\t\t\t\t<\/div><!-- \/.entry-content -->\n\t\t\t\t\t\t\t\t\t<\/div><!-- \/.timeline-content -->\n\t\t\t<\/div><!-- \/.timeline-content-wrap -->\n\t\t<\/li>\n\t\t\t<li id=\"timeline-4\" class=\"timeline-post with-icon \">\n\t\t\t<span class=\"module-timeline-date tf_box tf_textr\">\n\t\t\t\t\t  Marzo 2027\t\t\t<\/span>\n\t\t\t\t\t\t\t<i class=\"module-timeline-icon\" style=\"background-color:#06bacc;\"><svg  class=\"tf_fa tf-fas-calendar-check\" aria-hidden=\"true\"><use href=\"#tf-fas-calendar-check\"><\/use><\/svg><\/i>\n\n\t\t\t\t\t\t<div class=\"module-timeline-content-wrap tf_box tf_right\">\n\t\t\t\t<div class=\"module-timeline-content\">\n\t\t\t\t\t\t\t\t\t\t\t<h2 class=\"module-timeline-title\">    \n\t\t\t\t\t\t\t\t\t\t\t\t\t\t\t\t   Borrador de protocolos de actualizaci\u00f3n y recualificaci\u00f3n\t\t\t\t\t\t\t   \t\t\t\t\t\t<\/h2>\n\t\t\t\t\t\t\t\t\t\t\t\t\t\t\t\t\t\t\t\t\t<div class=\"entry-content\" itemprop=\"articleBody\">\n\t\t\t\t\t\t\t\t <p>Marcos de formaci\u00f3n para la fase piloto<\/p>\t\t\t\t\t\t<\/div><!-- \/.entry-content -->\n\t\t\t\t\t\t\t\t\t<\/div><!-- \/.timeline-content -->\n\t\t\t<\/div><!-- \/.timeline-content-wrap -->\n\t\t<\/li>\n\t\t\t<li id=\"timeline-5\" class=\"timeline-post with-icon \">\n\t\t\t<span class=\"module-timeline-date tf_box tf_textr\">\n\t\t\t\t\t  Junio 2028\t\t\t<\/span>\n\t\t\t\t\t\t\t<i class=\"module-timeline-icon\" style=\"background-color:#0a3a69;\"><svg  class=\"tf_fa tf-fas-calendar-check\" aria-hidden=\"true\"><use href=\"#tf-fas-calendar-check\"><\/use><\/svg><\/i>\n\n\t\t\t\t\t\t<div class=\"module-timeline-content-wrap tf_box tf_right\">\n\t\t\t\t<div class=\"module-timeline-content\">\n\t\t\t\t\t\t\t\t\t\t\t<h2 class=\"module-timeline-title\">    \n\t\t\t\t\t\t\t\t\t\t\t\t\t\t\t\t   Documento de contribuciones estrat\u00e9gicas\t\t\t\t\t\t\t   \t\t\t\t\t\t<\/h2>\n\t\t\t\t\t\t\t\t\t\t\t\t\t\t\t\t\t\t\t\t\t<div class=\"entry-content\" itemprop=\"articleBody\">\n\t\t\t\t\t\t\t\t <p>Competencias y gobernanza para las transiciones portuarias<\/p>\t\t\t\t\t\t<\/div><!-- \/.entry-content -->\n\t\t\t\t\t\t\t\t\t<\/div><!-- \/.timeline-content -->\n\t\t\t<\/div><!-- \/.timeline-content-wrap -->\n\t\t<\/li>\n\t\t\t<li id=\"timeline-6\" class=\"timeline-post with-icon \">\n\t\t\t<span class=\"module-timeline-date tf_box tf_textr\">\n\t\t\t\t\t  Agosto 2028\t\t\t<\/span>\n\t\t\t\t\t\t\t<i class=\"module-timeline-icon\" style=\"background-color:#06bacc;\"><svg  class=\"tf_fa tf-fas-calendar-check\" aria-hidden=\"true\"><use href=\"#tf-fas-calendar-check\"><\/use><\/svg><\/i>\n\n\t\t\t\t\t\t<div class=\"module-timeline-content-wrap tf_box tf_right\">\n\t\t\t\t<div class=\"module-timeline-content\">\n\t\t\t\t\t\t\t\t\t\t\t<h2 class=\"module-timeline-title\">    \n\t\t\t\t\t\t\t\t\t\t\t\t\t\t\t\t   Informe de empoderamiento y creaci\u00f3n de capacidades\t\t\t\t\t\t\t   \t\t\t\t\t\t<\/h2>\n\t\t\t\t\t\t\t\t\t\t\t\t\t\t\t\t\t\t\t\t\t<div class=\"entry-content\" itemprop=\"articleBody\">\n\t\t\t\t\t\t\t\t <p>Protocolos locales finales y resultados de formaci\u00f3n<\/p>\t\t\t\t\t\t<\/div><!-- \/.entry-content -->\n\t\t\t\t\t\t\t\t\t<\/div><!-- \/.timeline-content -->\n\t\t\t<\/div><!-- \/.timeline-content-wrap -->\n\t\t<\/li>\n\t\t\t<li id=\"timeline-7\" class=\"timeline-post with-icon \">\n\t\t\t<span class=\"module-timeline-date tf_box tf_textr\">\n\t\t\t\t\t  Octubre 2028\t\t\t<\/span>\n\t\t\t\t\t\t\t<i class=\"module-timeline-icon\" style=\"background-color:#0a3a69;\"><svg  class=\"tf_fa tf-fas-calendar-check\" aria-hidden=\"true\"><use href=\"#tf-fas-calendar-check\"><\/use><\/svg><\/i>\n\n\t\t\t\t\t\t<div class=\"module-timeline-content-wrap tf_box tf_right\">\n\t\t\t\t<div class=\"module-timeline-content\">\n\t\t\t\t\t\t\t\t\t\t\t<h2 class=\"module-timeline-title\">    \n\t\t\t\t\t\t\t\t\t\t\t\t\t\t\t\t   Informe de planes de estudio revisados por pares\t\t\t\t\t\t\t   \t\t\t\t\t\t<\/h2>\n\t\t\t\t\t\t\t\t\t\t\t\t\t\t\t\t\t\t\t\t\t<div class=\"entry-content\" itemprop=\"articleBody\">\n\t\t\t\t\t\t\t\t <p>M\u00e9todos para mantener la FP relevante en las transiciones de las ciudades portuarias<\/p>\t\t\t\t\t\t<\/div><!-- \/.entry-content -->\n\t\t\t\t\t\t\t\t\t<\/div><!-- \/.timeline-content -->\n\t\t\t<\/div><!-- \/.timeline-content-wrap -->\n\t\t<\/li>\n\t\t\t<li id=\"timeline-8\" class=\"timeline-post with-icon \">\n\t\t\t<span class=\"module-timeline-date tf_box tf_textr\">\n\t\t\t\t\t  Octubre 2028\t\t\t<\/span>\n\t\t\t\t\t\t\t<i class=\"module-timeline-icon\" style=\"background-color:#06bacc;\"><svg  class=\"tf_fa tf-fas-calendar-check\" aria-hidden=\"true\"><use href=\"#tf-fas-calendar-check\"><\/use><\/svg><\/i>\n\n\t\t\t\t\t\t<div class=\"module-timeline-content-wrap tf_box tf_right\">\n\t\t\t\t<div class=\"module-timeline-content\">\n\t\t\t\t\t\t\t\t\t\t\t<h2 class=\"module-timeline-title\">    \n\t\t\t\t\t\t\t\t\t\t\t\t\t\t\t\t   Plan de acci\u00f3n para transiciones justas\t\t\t\t\t\t\t   \t\t\t\t\t\t<\/h2>\n\t\t\t\t\t\t\t\t\t\t\t\t\t\t\t\t\t\t\t\t\t<div class=\"entry-content\" itemprop=\"articleBody\">\n\t\t\t\t\t\t\t\t <p>Estrategias para integrar la inclusi\u00f3n social en la FP<\/p>\t\t\t\t\t\t<\/div><!-- \/.entry-content -->\n\t\t\t\t\t\t\t\t\t<\/div><!-- \/.timeline-content -->\n\t\t\t<\/div><!-- \/.timeline-content-wrap -->\n\t\t<\/li>\n\t\t\t<li id=\"timeline-9\" class=\"timeline-post with-icon \">\n\t\t\t<span class=\"module-timeline-date tf_box tf_textr\">\n\t\t\t\t\t  Octubre 2028\t\t\t<\/span>\n\t\t\t\t\t\t\t<i class=\"module-timeline-icon\" style=\"background-color:#0a3a69;\"><svg  class=\"tf_fa tf-fas-calendar-check\" aria-hidden=\"true\"><use href=\"#tf-fas-calendar-check\"><\/use><\/svg><\/i>\n\n\t\t\t\t\t\t<div class=\"module-timeline-content-wrap tf_box tf_right\">\n\t\t\t\t<div class=\"module-timeline-content\">\n\t\t\t\t\t\t\t\t\t\t\t<h2 class=\"module-timeline-title\">    \n\t\t\t\t\t\t\t\t\t\t\t\t\t\t\t\t   Plan de acci\u00f3n para transiciones justas\t\t\t\t\t\t\t   \t\t\t\t\t\t<\/h2>\n\t\t\t\t\t\t\t\t\t\t\t\t\t\t\t\t\t\t\t\t\t<div class=\"entry-content\" itemprop=\"articleBody\">\n\t\t\t\t\t\t\t\t <p>Alinear la FP con la planificaci\u00f3n regional<\/p>\t\t\t\t\t\t<\/div><!-- \/.entry-content -->\n\t\t\t\t\t\t\t\t\t<\/div><!-- \/.timeline-content -->\n\t\t\t<\/div><!-- \/.timeline-content-wrap -->\n\t\t<\/li>\n\t\t\t<li id=\"timeline-10\" class=\"timeline-post with-icon \">\n\t\t\t<span class=\"module-timeline-date tf_box tf_textr\">\n\t\t\t\t\t  Febrero 2029\t\t\t<\/span>\n\t\t\t\t\t\t\t<i class=\"module-timeline-icon\" style=\"background-color:#06bacc;\"><svg  class=\"tf_fa tf-fas-calendar-check\" aria-hidden=\"true\"><use href=\"#tf-fas-calendar-check\"><\/use><\/svg><\/i>\n\n\t\t\t\t\t\t<div class=\"module-timeline-content-wrap tf_box tf_right\">\n\t\t\t\t<div class=\"module-timeline-content\">\n\t\t\t\t\t\t\t\t\t\t\t<h2 class=\"module-timeline-title\">    \n\t\t\t\t\t\t\t\t\t\t\t\t\t\t\t\t   Recomendaciones de pol\u00edtica\t\t\t\t\t\t\t   \t\t\t\t\t\t<\/h2>\n\t\t\t\t\t\t\t\t\t\t\t\t\t\t\t\t\t\t\t\t\t<div class=\"entry-content\" itemprop=\"articleBody\">\n\t\t\t\t\t\t\t\t <p>Propuestas para responsables de la toma de decisiones, profesionales y autoridades portuarias<\/p>\t\t\t\t\t\t<\/div><!-- \/.entry-content -->\n\t\t\t\t\t\t\t\t\t<\/div><!-- \/.timeline-content -->\n\t\t\t<\/div><!-- \/.timeline-content-wrap -->\n\t\t<\/li>\n\t\t\t<li id=\"timeline-11\" class=\"timeline-post with-icon \">\n\t\t\t<span class=\"module-timeline-date tf_box tf_textr\">\n\t\t\t\t\t  Febrero 2029\t\t\t<\/span>\n\t\t\t\t\t\t\t<i class=\"module-timeline-icon\" style=\"background-color:#0a3a69;\"><svg  class=\"tf_fa tf-fas-calendar-check\" aria-hidden=\"true\"><use href=\"#tf-fas-calendar-check\"><\/use><\/svg><\/i>\n\n\t\t\t\t\t\t<div class=\"module-timeline-content-wrap tf_box tf_right\">\n\t\t\t\t<div class=\"module-timeline-content\">\n\t\t\t\t\t\t\t\t\t\t\t<h2 class=\"module-timeline-title\">    \n\t\t\t\t\t\t\t\t\t\t\t\t\t\t\t\t   Conferencia transnacional\t\t\t\t\t\t\t   \t\t\t\t\t\t<\/h2>\n\t\t\t\t\t\t\t\t\t\t\t\t\t\t\t\t\t\t\t\t\t<div class=\"entry-content\" itemprop=\"articleBody\">\n\t\t\t\t\t\t\t\t <p>Empoderar a los CoVEs para transiciones portuarias justas<\/p>\t\t\t\t\t\t<\/div><!-- \/.entry-content -->\n\t\t\t\t\t\t\t\t\t<\/div><!-- \/.timeline-content -->\n\t\t\t<\/div><!-- \/.timeline-content-wrap -->\n\t\t<\/li>\n\t<\/ul><\/div>\n<!-- \/module timeline -->        <\/div>\n                        <\/div>\n        <\/div>\n        <\/div>\n<!--\/themify_builder_content-->","protected":false},"excerpt":{"rendered":"<p>Resultados<\/p>\n","protected":false},"author":1,"featured_media":0,"parent":0,"menu_order":0,"comment_status":"closed","ping_status":"closed","template":"","meta":{"footnotes":""},"class_list":["post-1229","page","type-page","status-publish","hentry","has-post-title","has-post-date","has-post-category","has-post-tag","has-post-comment","has-post-author",""],"builder_content":"<h1>Resultados<\/h1>\n<p>PortAbility impulsa un Centro de Excelencia Profesional (CoVE) que re\u00fane a todos los actores del ecosistema portuario: proveedores de FP, instituciones educativas, empresas, autoridades p\u00fablicas y comunidades locales.<\/p> <p>PortAbility conecta la Formaci\u00f3n Profesional con las necesidades cambiantes de las industrias y comunidades portuarias. El proyecto ofrece herramientas y estrategias concretas para que las \u00e1reas portuarias de toda Europa cuenten con las competencias necesarias para los empleos del futuro.<\/p> <p>Nuestras estrategias de Formaci\u00f3n Profesional para la actualizaci\u00f3n y recualificaci\u00f3n de la fuerza laboral se apoyan en tres pilares interconectados: transici\u00f3n verde, transformaci\u00f3n digital e inclusi\u00f3n social.<\/p>\n<ul> <li id=\"timeline-0\"> Mayo 2025 <i style=\"background-color:#06bacc;\"><svg aria-hidden=\"true\"><use href=\"#tf-fas-calendar-check\"><\/use><\/svg><\/i>\n <h2> Lanzamiento del proyecto <\/h2> <\/li> <li id=\"timeline-1\"> Mayo 2026 <i style=\"background-color:#0a3a69;\"><svg aria-hidden=\"true\"><use href=\"#tf-fas-calendar-check\"><\/use><\/svg><\/i>\n <h2> PortAbility Blueprint <\/h2> <p>Estudio comparativo y hoja de ruta para la FP en ciudades portuarias<\/p> <\/li> <li id=\"timeline-2\"> Enero 2027 <i style=\"background-color:#06bacc;\"><svg aria-hidden=\"true\"><use href=\"#tf-fas-calendar-check\"><\/use><\/svg><\/i>\n <h2> Directrices de formaci\u00f3n <\/h2> <p>Marco para el aprendizaje, la validaci\u00f3n y las microcredenciales<\/p> <\/li> <li id=\"timeline-3\"> Enero 2027 <i style=\"background-color:#0a3a69;\"><svg aria-hidden=\"true\"><use href=\"#tf-fas-calendar-check\"><\/use><\/svg><\/i>\n <h2> Entorno de aprendizaje <\/h2> <p>Plataforma digital con herramientas de formaci\u00f3n basadas en IA<\/p> <\/li> <li id=\"timeline-4\"> Marzo 2027 <i style=\"background-color:#06bacc;\"><svg aria-hidden=\"true\"><use href=\"#tf-fas-calendar-check\"><\/use><\/svg><\/i>\n <h2> Borrador de protocolos de actualizaci\u00f3n y recualificaci\u00f3n <\/h2> <p>Marcos de formaci\u00f3n para la fase piloto<\/p> <\/li> <li id=\"timeline-5\"> Junio 2028 <i style=\"background-color:#0a3a69;\"><svg aria-hidden=\"true\"><use href=\"#tf-fas-calendar-check\"><\/use><\/svg><\/i>\n <h2> Documento de contribuciones estrat\u00e9gicas <\/h2> <p>Competencias y gobernanza para las transiciones portuarias<\/p> <\/li> <li id=\"timeline-6\"> Agosto 2028 <i style=\"background-color:#06bacc;\"><svg aria-hidden=\"true\"><use href=\"#tf-fas-calendar-check\"><\/use><\/svg><\/i>\n <h2> Informe de empoderamiento y creaci\u00f3n de capacidades <\/h2> <p>Protocolos locales finales y resultados de formaci\u00f3n<\/p> <\/li> <li id=\"timeline-7\"> Octubre 2028 <i style=\"background-color:#0a3a69;\"><svg aria-hidden=\"true\"><use href=\"#tf-fas-calendar-check\"><\/use><\/svg><\/i>\n <h2> Informe de planes de estudio revisados por pares <\/h2> <p>M\u00e9todos para mantener la FP relevante en las transiciones de las ciudades portuarias<\/p> <\/li> <li id=\"timeline-8\"> Octubre 2028 <i style=\"background-color:#06bacc;\"><svg aria-hidden=\"true\"><use href=\"#tf-fas-calendar-check\"><\/use><\/svg><\/i>\n <h2> Plan de acci\u00f3n para transiciones justas <\/h2> <p>Estrategias para integrar la inclusi\u00f3n social en la FP<\/p> <\/li> <li id=\"timeline-9\"> Octubre 2028 <i style=\"background-color:#0a3a69;\"><svg aria-hidden=\"true\"><use href=\"#tf-fas-calendar-check\"><\/use><\/svg><\/i>\n <h2> Plan de acci\u00f3n para transiciones justas <\/h2> <p>Alinear la FP con la planificaci\u00f3n regional<\/p> <\/li> <li id=\"timeline-10\"> Febrero 2029 <i style=\"background-color:#06bacc;\"><svg aria-hidden=\"true\"><use href=\"#tf-fas-calendar-check\"><\/use><\/svg><\/i>\n <h2> Recomendaciones de pol\u00edtica <\/h2> <p>Propuestas para responsables de la toma de decisiones, profesionales y autoridades portuarias<\/p> <\/li> <li id=\"timeline-11\"> Febrero 2029 <i style=\"background-color:#0a3a69;\"><svg aria-hidden=\"true\"><use href=\"#tf-fas-calendar-check\"><\/use><\/svg><\/i>\n <h2> Conferencia transnacional <\/h2> <p>Empoderar a los CoVEs para transiciones portuarias justas<\/p> <\/li> <\/ul>","_links":{"self":[{"href":"https:\/\/portability-project.eu\/es\/wp-json\/wp\/v2\/pages\/1229","targetHints":{"allow":["GET"]}}],"collection":[{"href":"https:\/\/portability-project.eu\/es\/wp-json\/wp\/v2\/pages"}],"about":[{"href":"https:\/\/portability-project.eu\/es\/wp-json\/wp\/v2\/types\/page"}],"author":[{"embeddable":true,"href":"https:\/\/portability-project.eu\/es\/wp-json\/wp\/v2\/users\/1"}],"replies":[{"embeddable":true,"href":"https:\/\/portability-project.eu\/es\/wp-json\/wp\/v2\/comments?post=1229"}],"version-history":[{"count":5,"href":"https:\/\/portability-project.eu\/es\/wp-json\/wp\/v2\/pages\/1229\/revisions"}],"predecessor-version":[{"id":1299,"href":"https:\/\/portability-project.eu\/es\/wp-json\/wp\/v2\/pages\/1229\/revisions\/1299"}],"wp:attachment":[{"href":"https:\/\/portability-project.eu\/es\/wp-json\/wp\/v2\/media?parent=1229"}],"curies":[{"name":"wp","href":"https:\/\/api.w.org\/{rel}","templated":true}]}}